{"id":3756,"date":"2019-03-17T17:19:40","date_gmt":"2019-03-17T16:19:40","guid":{"rendered":"https:\/\/ardia.ba\/?page_id=3756"},"modified":"2025-11-14T08:46:14","modified_gmt":"2025-11-14T07:46:14","slug":"general-terms-and-conditions","status":"publish","type":"page","link":"https:\/\/ardia.ba\/en\/general-terms-and-conditions\/","title":{"rendered":"Privacy policy"},"content":{"rendered":"\r\n<p>ARDIA internet stranica www.ardia.ba mo\u017ee se koristiti za Va\u0161u privatnu uporabu bez ikakvih naknada za kori\u0161tenje, a prema sljede\u0107im uvjetima i pravilima. Kori\u0161tenjem ardia.ba Internet trgovine obvezujete se po\u0161tivati sljede\u0107e uvjete i pravila.<\/p>\r\n<p>Isporu\u010ditelj naru\u010dene robe je Ardia prirodna kozmetika.<\/p>\r\n<p>Ardia prirodna kozmetika putem Internet trgovine omogu\u0107uje kupnju cjelokupnog ARDIA asortimana robe koja se nalazi u web ponudi. Kupcem se smatra svaka osoba koja elektroni\u010dkim putem naru\u010di barem jedan proizvod, popuni tra\u017eene podatke i po\u0161alje ih uspje\u0161no kroz Registraciju.<\/p>\r\n<p>Registracija omogu\u0107ava pohranu podataka koji \u0107e pri narud\u017ebi koristiti za kontakt, dostavu ili za oglasno informiranje o na\u0161im proizvodima, novim proizvodima te akcijama i popustima. Tako\u0111er Registracija kasnije osigurava lak\u0161e i jednostavnije izvr\u0161enje narud\u017ebi.<\/p>\r\n<p>Sve su cijene izra\u017eene u valuti Bosne i Hercegovine, konvertibilna marka (BAM). Korisnike upu\u0107ujemo da se prije kupnje upoznaju sa ovim Uvjetima te da iste redovito provjeravaju, kako bi bili upoznati sa svim va\u0161im pravima i obvezama.<\/p>\r\n<p>Ardia prirodna kozmetika pridr\u017eava pravo izmjene ovih Uvjeta u svako doba bez obveze prethodne najave te ne\u0107e biti odgovoran ni za kakve mogu\u0107e posljedice proiza\u0161le iz takvih promjena. Navedene promjene stupaju na snagu objavljivanjem na ovim internet stranicama.<\/p>\r\n<p>Ardia prirodna kozmetika pridr\u017eava pravo ukidanja usluge i promjene sadr\u017eaja kao i ostalih usluga i podstranica koje su sastavni dio ardia.ba internet trgovine u svako doba bez obaveze prethodne najave te ne\u0107e biti odgovoran ni za kakve mogu\u0107e posljedice proiza\u0161le iz takvih promjena. Navedene promjene stupaju na snagu objavljivanjem na ovim internet stranicama.<\/p>\r\n<p>Kori\u0161tenje usluga ardia.ba odobrava se isklju\u010divo punoljetnim osobama. Uporaba i kori\u0161tenje ardia.ba djeci ili maloljetnim osobama nije dozvoljena te su roditelji i\/ili skrbnici du\u017eni o tome voditi ra\u010duna, u protivnom preuzimaju sva prava i obveze nastale takvim kori\u0161tenjem, a Ardia prirodna kozmetika ne odgovara za eventualne posljedice takvog kori\u0161tenja.<\/p>\r\n<p>Ardia prirodna kozmetika ne jam\u010di da fotografije proizvoda u potpunosti odgovaraju izgledu samog proizvoda. Za mogu\u0107e nenamjerne gre\u0161ke kod opisa proizvoda ne odgovaramo. Mogu\u0107e su razli\u010ditosti stvarnog proizvoda i fotografije proizvoda te opisanog proizvoda na ovim stranicama. Svi opisi se redovito i detaljno provjeravaju.<\/p>\r\n<p>Kupnja se realizira kada kupac prihvati ponudu Ardia prirodna kozmetika na jedan od slijede\u0107ih na\u010dina:<\/p>\r\n<ul>\r\n<li>odabirom pla\u0107anja i dovr\u0161enjem narud\u017ebe kao registrirani korisnik ardia.ba,<\/li>\r\n<li>odabirom pla\u0107anja i dovr\u0161enjem narud\u017ebe putem +387 63 382 002 telefonske linije ili putem elektroni\u010dke po\u0161te zaprimljene na info@ardia.ba.<\/li>\r\n<\/ul>\r\n<ol>\r\n<li>U postupku registracije ili kreiranja korisni\u010dkog ra\u010duna, korisnik je obvezan odabrati naziv ili ime pod kojim \u0107e ostvarivati usluge i odabrati sigurnosnu zaporku te dostaviti valjanu e-mail adresu. Svi podaci potrebni za registraciju ili kreiranje korisni\u010dkog ra\u010duna moraju biti istiniti pri \u010demu je izri\u010dito zabranjeno kori\u0161tenje ili uporaba tu\u0111ih podataka.<\/li>\r\n<li>Registracija ili korisni\u010dki ra\u010dun kreiraju se samo za jednu osobu i nije dozvoljeno priop\u0107avati podatke o registraciji ili korisni\u010dkom ra\u010dunu tre\u0107im osobama. Korisnik je obvezan \u010duvati podatke o svojoj sigurnosnoj zaporci i korisni\u010dkom ra\u010dunu. Nije dozvoljena uporaba tu\u0111e registracije ili korisni\u010dkog ra\u010duna.<\/li>\r\n<\/ol>\r\n<p>Za narud\u017ebe unutar BiH po\u0161tarina besplatna za narud\u017ebe iznad 100 KM, a unutar Republike Hrvatske po\u0161tarina besplatna za narud\u017ebe iznad 50 Eura.<\/p>\r\n","protected":false},"excerpt":{"rendered":"<p>ARDIA internet stranica www.ardia.ba mo\u017ee se koristiti za Va\u0161u privatnu uporabu bez ikakvih naknada za kori\u0161tenje, a prema sljede\u0107im uvjetima i pravilima. Kori\u0161tenjem ardia.ba Internet trgovine obvezujete se po\u0161tivati sljede\u0107e uvjete i pravila. Isporu\u010ditelj naru\u010dene robe je Ardia prirodna kozmetika. Ardia prirodna kozmetika putem Internet trgovine omogu\u0107uje kupnju cjelokupnog ARDIA [&hellip;]<\/p>\n","protected":false},"author":1,"featured_media":0,"parent":0,"menu_order":0,"comment_status":"closed","ping_status":"closed","template":"","meta":{"_seopress_robots_primary_cat":"","_seopress_titles_title":"","_seopress_titles_desc":"","_seopress_robots_index":"","footnotes":""},"class_list":["post-3756","page","type-page","status-publish","hentry"],"_links":{"self":[{"href":"https:\/\/ardia.ba\/en\/wp-json\/wp\/v2\/pages\/3756","targetHints":{"allow":["GET"]}}],"collection":[{"href":"https:\/\/ardia.ba\/en\/wp-json\/wp\/v2\/pages"}],"about":[{"href":"https:\/\/ardia.ba\/en\/wp-json\/wp\/v2\/types\/page"}],"author":[{"embeddable":true,"href":"https:\/\/ardia.ba\/en\/wp-json\/wp\/v2\/users\/1"}],"replies":[{"embeddable":true,"href":"https:\/\/ardia.ba\/en\/wp-json\/wp\/v2\/comments?post=3756"}],"version-history":[{"count":3,"href":"https:\/\/ardia.ba\/en\/wp-json\/wp\/v2\/pages\/3756\/revisions"}],"predecessor-version":[{"id":4814,"href":"https:\/\/ardia.ba\/en\/wp-json\/wp\/v2\/pages\/3756\/revisions\/4814"}],"wp:attachment":[{"href":"https:\/\/ardia.ba\/en\/wp-json\/wp\/v2\/media?parent=3756"}],"curies":[{"name":"wp","href":"https:\/\/api.w.org\/{rel}","templated":true}]}}